{"id":62,"date":"2022-07-04T17:39:05","date_gmt":"2022-07-04T15:39:05","guid":{"rendered":"https:\/\/linder-it.de\/?page_id=62"},"modified":"2022-07-04T17:41:30","modified_gmt":"2022-07-04T15:41:30","slug":"fernwartung","status":"publish","type":"page","link":"https:\/\/linder-it.de\/?page_id=62","title":{"rendered":"Fernwartung"},"content":{"rendered":"\n<p>Laden Sie sich <a rel=\"noreferrer noopener\" href=\"https:\/\/get.teamviewer.com\/6v5q6b4\" data-type=\"URL\" data-id=\"https:\/\/get.teamviewer.com\/6v5q6b4\" target=\"_blank\">hier <\/a>das Fernwartungs-Tool TeamViewer herunter, mit dem wir Ihnen direkt behilflich werden k\u00f6nnen.<\/p>\n\n\n\n<p>Wir schalten uns auf Ihren Rechner auf und k\u00f6nnen Ihnen somit einfach und verst\u00e4ndlich bei Problemen, bzw. Ihren Anliegen helfen.<\/p>\n","protected":false},"excerpt":{"rendered":"<p>Laden Sie sich hier das Fernwartungs-Tool TeamViewer herunter, mit dem wir Ihnen direkt behilflich werden k\u00f6nnen. Wir schalten uns auf Ihren Rechner auf und k\u00f6nnen Ihnen somit einfach und verst\u00e4ndlich bei Problemen, bzw. Ihren Anliegen helfen.<\/p>\n","protected":false},"author":1,"featured_media":0,"parent":0,"menu_order":0,"comment_status":"closed","ping_status":"closed","template":"","meta":{"footnotes":""},"class_list":["post-62","page","type-page","status-publish","hentry"],"_links":{"self":[{"href":"https:\/\/linder-it.de\/index.php?rest_route=\/wp\/v2\/pages\/62","targetHints":{"allow":["GET"]}}],"collection":[{"href":"https:\/\/linder-it.de\/index.php?rest_route=\/wp\/v2\/pages"}],"about":[{"href":"https:\/\/linder-it.de\/index.php?rest_route=\/wp\/v2\/types\/page"}],"author":[{"embeddable":true,"href":"https:\/\/linder-it.de\/index.php?rest_route=\/wp\/v2\/users\/1"}],"replies":[{"embeddable":true,"href":"https:\/\/linder-it.de\/index.php?rest_route=%2Fwp%2Fv2%2Fcomments&post=62"}],"version-history":[{"count":2,"href":"https:\/\/linder-it.de\/index.php?rest_route=\/wp\/v2\/pages\/62\/revisions"}],"predecessor-version":[{"id":65,"href":"https:\/\/linder-it.de\/index.php?rest_route=\/wp\/v2\/pages\/62\/revisions\/65"}],"wp:attachment":[{"href":"https:\/\/linder-it.de\/index.php?rest_route=%2Fwp%2Fv2%2Fmedia&parent=62"}],"curies":[{"name":"wp","href":"https:\/\/api.w.org\/{rel}","templated":true}]}}